{"id":148,"date":"2024-07-24T12:01:56","date_gmt":"2024-07-24T12:01:56","guid":{"rendered":"https:\/\/staelenhof.wpenginepowered.com\/experiences\/"},"modified":"2025-08-19T06:45:37","modified_gmt":"2025-08-19T06:45:37","slug":"kogemused","status":"publish","type":"page","link":"https:\/\/staelenhof.ee\/et\/kogemused\/","title":{"rendered":"Elamused"},"content":{"rendered":"\t\t<div data-elementor-type=\"wp-page\" data-elementor-id=\"148\" class=\"elementor elementor-148 elementor-62\" data-elementor-post-type=\"page\">\n\t\t\t\t<div class=\"elementor-element elementor-element-47c8519 e-flex e-con-boxed e-con e-parent\" data-id=\"47c8519\" data-element_type=\"container\" data-e-type=\"container\">\n\t\t\t\t\t<div class=\"e-con-inner\">\n\t\t\t\t<div class=\"elementor-element elementor-element-774efb7 elementor-widget elementor-widget-heading\" data-id=\"774efb7\" data-element_type=\"widget\" data-e-type=\"widget\" data-widget_type=\"heading.default\">\n\t\t\t\t<div class=\"elementor-widget-container\">\n\t\t\t\t\t<h1 class=\"elementor-heading-title elementor-size-default\">Staelenhof <b> Elamused<\/b><\/h1>\t\t\t\t<\/div>\n\t\t\t\t<\/div>\n\t\t\t\t<div class=\"elementor-element elementor-element-3ef081a elementor-widget-divider--view-line elementor-widget elementor-widget-divider\" data-id=\"3ef081a\" data-element_type=\"widget\" data-e-type=\"widget\" data-widget_type=\"divider.default\">\n\t\t\t\t<div class=\"elementor-widget-container\">\n\t\t\t\t\t\t\t<div class=\"elementor-divider\">\n\t\t\t<span class=\"elementor-divider-separator\">\n\t\t\t\t\t\t<\/span>\n\t\t<\/div>\n\t\t\t\t\t\t<\/div>\n\t\t\t\t<\/div>\n\t\t\t\t<div class=\"elementor-element elementor-element-5990f76 elementor-widget elementor-widget-heading\" data-id=\"5990f76\" data-element_type=\"widget\" data-e-type=\"widget\" data-widget_type=\"heading.default\">\n\t\t\t\t<div class=\"elementor-widget-container\">\n\t\t\t\t\t<h4 class=\"elementor-heading-title elementor-size-default\">Staelenhofis on rohkelt v\u00f5imalusi kujundada hetki, mis on sisukad, elegantsed ja t\u00f5eliselt isiklikud\u2014olgu need seotud muusika, kunsti, ajaloo, toidukultuuri v\u00f5i lihtsalt rahuliku olemisega.  Iga kohtumine kannab endas v\u00f5\u00f5rustaja n\u00e4gu, peegeldades tema m\u00f5tteviisi ja v\u00e4\u00e4rtusi. Olgu eesm\u00e4rgiks t\u00e4histamine l\u00e4hedaste seltsis v\u00f5i h\u00e4sti l\u00e4bi m\u00f5eldud \u00e4riline kogunemine, Staelenhof kohandub sujuvalt sinu soovide ja vajadustega\u2014vaoshoitult, kuid t\u00e4helepanelikult.  Allj\u00e4rgnevalt leiad valiku elamustest, mis v\u00f5ivad kujuneda osaks sinu ajast Staelenhofis.<\/h4>\t\t\t\t<\/div>\n\t\t\t\t<\/div>\n\t\t\t\t\t<\/div>\n\t\t\t\t<\/div>\n\t\t<div class=\"elementor-element elementor-element-7731340 e-flex e-con-boxed e-con e-parent\" data-id=\"7731340\" data-element_type=\"container\" data-e-type=\"container\">\n\t\t\t\t\t<div class=\"e-con-inner\">\n\t\t<div class=\"elementor-element elementor-element-99a9418 e-con-full e-flex e-con e-child\" data-id=\"99a9418\" data-element_type=\"container\" data-e-type=\"container\" data-settings=\"{&quot;background_background&quot;:&quot;classic&quot;,&quot;animation_mobile&quot;:&quot;fadeInUp&quot;}\">\n\t\t\t\t<\/div>\n\t\t<div class=\"elementor-element elementor-element-102af1f e-con-full e-flex e-con e-child\" data-id=\"102af1f\" data-element_type=\"container\" data-e-type=\"container\" data-settings=\"{&quot;background_background&quot;:&quot;classic&quot;,&quot;animation_mobile&quot;:&quot;fadeInDown&quot;}\">\n\t\t\t\t<div class=\"elementor-element elementor-element-1674913 elementor-widget elementor-widget-heading\" data-id=\"1674913\" data-element_type=\"widget\" data-e-type=\"widget\" data-widget_type=\"heading.default\">\n\t\t\t\t<div class=\"elementor-widget-container\">\n\t\t\t\t\t<h3 class=\"elementor-heading-title elementor-size-default\">Kulinaarne elamus<\/h3>\t\t\t\t<\/div>\n\t\t\t\t<\/div>\n\t\t\t\t<div class=\"elementor-element elementor-element-b3afa7b elementor-widget elementor-widget-text-editor\" data-id=\"b3afa7b\" data-element_type=\"widget\" data-e-type=\"widget\" data-widget_type=\"text-editor.default\">\n\t\t\t\t<div class=\"elementor-widget-container\">\n\t\t\t\t\t\t\t\t\t<p class=\"p1\">Naudi erakordset maitseelamust Staelenhofis\u2014see ei ole p\u00fcsivalt tegutsev restoran, vaid sinu jaoks loodud s\u00fcndmus.<\/p>\n<p><\/p>\n<p class=\"p1\">Soovi korral saad ise toidu valmistada m\u00f5isak\u00f6\u00f6gi mugavustes v\u00f5i kutsuda kohale tunnustatud peakoka, kes loob t\u00f5elise maitse ja meisterlikkuse. Aitame sul r\u00f5\u00f5muga leida koka, kelle k\u00e4ekiri sobitub sinu n\u00e4gemusega k\u00f5ige paremini.<\/p>\n\t\t\t\t\t\t\t\t<\/div>\n\t\t\t\t<\/div>\n\t\t\t\t<div class=\"elementor-element elementor-element-565705b button-hover-effect elementor-widget elementor-widget-button\" data-id=\"565705b\" data-element_type=\"widget\" data-e-type=\"widget\" data-widget_type=\"button.default\">\n\t\t\t\t<div class=\"elementor-widget-container\">\n\t\t\t\t\t\t\t\t\t<div class=\"elementor-button-wrapper\">\n\t\t\t\t\t<a class=\"elementor-button elementor-button-link elementor-size-sm\" href=\"https:\/\/staelenhof.ee\/et\/kontakt\/\">\n\t\t\t\t\t\t<span class=\"elementor-button-content-wrapper\">\n\t\t\t\t\t\t<span class=\"elementor-button-icon\">\n\t\t\t\t<i aria-hidden=\"true\" class=\"fal fa-long-arrow-right\"><\/i>\t\t\t<\/span>\n\t\t\t\t\t\t\t\t\t<span class=\"elementor-button-text\">Galerii<\/span>\n\t\t\t\t\t<\/span>\n\t\t\t\t\t<\/a>\n\t\t\t\t<\/div>\n\t\t\t\t\t\t\t\t<\/div>\n\t\t\t\t<\/div>\n\t\t\t\t<\/div>\n\t\t\t\t\t<\/div>\n\t\t\t\t<\/div>\n\t\t<div class=\"elementor-element elementor-element-4d42e5a e-flex e-con-boxed e-con e-parent\" data-id=\"4d42e5a\" data-element_type=\"container\" data-e-type=\"container\">\n\t\t\t\t\t<div class=\"e-con-inner\">\n\t\t<div class=\"elementor-element elementor-element-e54cdaa e-con-full e-flex e-con e-child\" data-id=\"e54cdaa\" data-element_type=\"container\" data-e-type=\"container\" data-settings=\"{&quot;background_background&quot;:&quot;classic&quot;,&quot;animation_mobile&quot;:&quot;fadeInUp&quot;}\">\n\t\t\t\t<\/div>\n\t\t<div class=\"elementor-element elementor-element-16529d7 e-con-full e-flex e-con e-child\" data-id=\"16529d7\" data-element_type=\"container\" data-e-type=\"container\" data-settings=\"{&quot;background_background&quot;:&quot;classic&quot;,&quot;animation_mobile&quot;:&quot;fadeInDown&quot;}\">\n\t\t\t\t<div class=\"elementor-element elementor-element-ae2dfcb elementor-widget elementor-widget-heading\" data-id=\"ae2dfcb\" data-element_type=\"widget\" data-e-type=\"widget\" data-widget_type=\"heading.default\">\n\t\t\t\t<div class=\"elementor-widget-container\">\n\t\t\t\t\t<h3 class=\"elementor-heading-title elementor-size-default\">Kultuuriline puhkus<\/h3>\t\t\t\t<\/div>\n\t\t\t\t<\/div>\n\t\t\t\t<div class=\"elementor-element elementor-element-92bb825 elementor-widget elementor-widget-text-editor\" data-id=\"92bb825\" data-element_type=\"widget\" data-e-type=\"widget\" data-widget_type=\"text-editor.default\">\n\t\t\t\t<div class=\"elementor-widget-container\">\n\t\t\t\t\t\t\t\t\t<p class=\"p1\">Lisa oma viibimisele Staelenhofis elamusi, mis l\u00e4htuvad sinu huvidest ja eelistustest. Siin on peetud mitmesuguseid sisukaid s\u00fcndmusi \u2013 kontserte ja\u00a0<em>stand-up<\/em>\u00a0etendusi, kunstituure ja maalimistunde koos kunstnikega, r\u00e4nnakuid piirkonna ajalukku, m\u00e4lum\u00e4ngu\u00f5htuid ning gurmee\u00f5htus\u00f6\u00f6ke ja kokanduskursusi tunnustatud kokkade juhendamisel.<\/p>\n<p><\/p>\n<p class=\"p1\">Mis oleks sinu valik?<\/p>\n\t\t\t\t\t\t\t\t<\/div>\n\t\t\t\t<\/div>\n\t\t\t\t<div class=\"elementor-element elementor-element-e73b4db button-hover-effect elementor-widget elementor-widget-button\" data-id=\"e73b4db\" data-element_type=\"widget\" data-e-type=\"widget\" data-widget_type=\"button.default\">\n\t\t\t\t<div class=\"elementor-widget-container\">\n\t\t\t\t\t\t\t\t\t<div class=\"elementor-button-wrapper\">\n\t\t\t\t\t<a class=\"elementor-button elementor-button-link elementor-size-sm\" href=\"https:\/\/staelenhof.ee\/et\/galerii\/\">\n\t\t\t\t\t\t<span class=\"elementor-button-content-wrapper\">\n\t\t\t\t\t\t<span class=\"elementor-button-icon\">\n\t\t\t\t<i aria-hidden=\"true\" class=\"fal fa-long-arrow-right\"><\/i>\t\t\t<\/span>\n\t\t\t\t\t\t\t\t\t<span class=\"elementor-button-text\">Galerii<\/span>\n\t\t\t\t\t<\/span>\n\t\t\t\t\t<\/a>\n\t\t\t\t<\/div>\n\t\t\t\t\t\t\t\t<\/div>\n\t\t\t\t<\/div>\n\t\t\t\t<\/div>\n\t\t\t\t\t<\/div>\n\t\t\t\t<\/div>\n\t\t<div class=\"elementor-element elementor-element-8712311 e-flex e-con-boxed e-con e-parent\" data-id=\"8712311\" data-element_type=\"container\" data-e-type=\"container\">\n\t\t\t\t\t<div class=\"e-con-inner\">\n\t\t<div class=\"elementor-element elementor-element-62fe39f e-con-full e-flex e-con e-child\" data-id=\"62fe39f\" data-element_type=\"container\" data-e-type=\"container\" data-settings=\"{&quot;background_background&quot;:&quot;classic&quot;,&quot;animation_mobile&quot;:&quot;fadeInUp&quot;}\">\n\t\t\t\t<\/div>\n\t\t<div class=\"elementor-element elementor-element-0ba3b9d e-con-full e-flex e-con e-child\" data-id=\"0ba3b9d\" data-element_type=\"container\" data-e-type=\"container\" data-settings=\"{&quot;background_background&quot;:&quot;classic&quot;,&quot;animation_mobile&quot;:&quot;fadeInDown&quot;}\">\n\t\t\t\t<div class=\"elementor-element elementor-element-d31b057 elementor-widget elementor-widget-heading\" data-id=\"d31b057\" data-element_type=\"widget\" data-e-type=\"widget\" data-widget_type=\"heading.default\">\n\t\t\t\t<div class=\"elementor-widget-container\">\n\t\t\t\t\t<h3 class=\"elementor-heading-title elementor-size-default\">Teie erilise s\u00fcndmuse jaoks<\/h3>\t\t\t\t<\/div>\n\t\t\t\t<\/div>\n\t\t\t\t<div class=\"elementor-element elementor-element-e88d326 elementor-widget elementor-widget-text-editor\" data-id=\"e88d326\" data-element_type=\"widget\" data-e-type=\"widget\" data-widget_type=\"text-editor.default\">\n\t\t\t\t<div class=\"elementor-widget-container\">\n\t\t\t\t\t\t\t\t\t<p>Staelenhof pakub l\u00f5putult v\u00f5imalusi\u2014alates meeldej\u00e4\u00e4vast pulmapeost kuni diskreetsete \u00e4rikohtumisteni. M\u00f5isa hubased salongid ja iseloomuga s\u00f6\u00f6gisaalid loovad v\u00e4\u00e4rika \u00f5hkkonna, samas kui \u00fcmbritsevad aiad ja terrassid pakuvad rahulikke v\u00e4liruume, mis kohanduvad sujuvalt iga koosviibimise meeleolu ja vajadustega. Olgu siseruumides k\u00fc\u00fcnlavalguses v\u00f5i \u00f5ues t\u00e4histaeva all\u2014iga Staelenhofi nurk on loodud hetke ja selle kujundajate teenimiseks.<\/p>\n\t\t\t\t\t\t\t\t<\/div>\n\t\t\t\t<\/div>\n\t\t\t\t<div class=\"elementor-element elementor-element-7d92268 button-hover-effect elementor-widget elementor-widget-button\" data-id=\"7d92268\" data-element_type=\"widget\" data-e-type=\"widget\" data-widget_type=\"button.default\">\n\t\t\t\t<div class=\"elementor-widget-container\">\n\t\t\t\t\t\t\t\t\t<div class=\"elementor-button-wrapper\">\n\t\t\t\t\t<a class=\"elementor-button elementor-button-link elementor-size-sm\" href=\"https:\/\/staelenhof.ee\/et\/galerii\/\">\n\t\t\t\t\t\t<span class=\"elementor-button-content-wrapper\">\n\t\t\t\t\t\t<span class=\"elementor-button-icon\">\n\t\t\t\t<i aria-hidden=\"true\" class=\"fal fa-long-arrow-right\"><\/i>\t\t\t<\/span>\n\t\t\t\t\t\t\t\t\t<span class=\"elementor-button-text\">Galerii<\/span>\n\t\t\t\t\t<\/span>\n\t\t\t\t\t<\/a>\n\t\t\t\t<\/div>\n\t\t\t\t\t\t\t\t<\/div>\n\t\t\t\t<\/div>\n\t\t\t\t<\/div>\n\t\t\t\t\t<\/div>\n\t\t\t\t<\/div>\n\t\t<div class=\"elementor-element elementor-element-cf29724 e-flex e-con-boxed e-con e-parent\" data-id=\"cf29724\" data-element_type=\"container\" data-e-type=\"container\">\n\t\t\t\t\t<div class=\"e-con-inner\">\n\t\t<div class=\"elementor-element elementor-element-e178552 e-con-full e-flex e-con e-child\" data-id=\"e178552\" data-element_type=\"container\" data-e-type=\"container\" data-settings=\"{&quot;background_background&quot;:&quot;classic&quot;,&quot;animation_mobile&quot;:&quot;fadeInUp&quot;}\">\n\t\t\t\t<\/div>\n\t\t<div class=\"elementor-element elementor-element-44e520d e-con-full e-flex e-con e-child\" data-id=\"44e520d\" data-element_type=\"container\" data-e-type=\"container\" data-settings=\"{&quot;background_background&quot;:&quot;classic&quot;,&quot;animation_mobile&quot;:&quot;fadeInDown&quot;}\">\n\t\t\t\t<div class=\"elementor-element elementor-element-a05dc60 elementor-widget elementor-widget-heading\" data-id=\"a05dc60\" data-element_type=\"widget\" data-e-type=\"widget\" data-widget_type=\"heading.default\">\n\t\t\t\t<div class=\"elementor-widget-container\">\n\t\t\t\t\t<h3 class=\"elementor-heading-title elementor-size-default\">Aktiivselt looduses<\/h3>\t\t\t\t<\/div>\n\t\t\t\t<\/div>\n\t\t\t\t<div class=\"elementor-element elementor-element-4367374 elementor-widget elementor-widget-text-editor\" data-id=\"4367374\" data-element_type=\"widget\" data-e-type=\"widget\" data-widget_type=\"text-editor.default\">\n\t\t\t\t<div class=\"elementor-widget-container\">\n\t\t\t\t\t\t\t\t\t<p class=\"p1\">Rikasta oma m\u00f5isapuhkust looduselamustega, mis turgutavad meeli. R\u00e4nda l\u00e4bi Riisa raba Soomaa rahvuspargis, libise kanuuga m\u00f6\u00f6da P\u00e4rnu j\u00f5ge v\u00f5i k\u00fclasta Tori hinnatud talle, kus ootab ees meeldej\u00e4\u00e4v ratsaseiklus.<\/p>\n<p><\/p>\n<p class=\"p1\">Ja vaid m\u00f5ne sammu kaugusel saad end kosutada P\u00e4rnu j\u00f5e voogudes.<\/p>\n\t\t\t\t\t\t\t\t<\/div>\n\t\t\t\t<\/div>\n\t\t\t\t<div class=\"elementor-element elementor-element-a165968 button-hover-effect elementor-widget elementor-widget-button\" data-id=\"a165968\" data-element_type=\"widget\" data-e-type=\"widget\" data-widget_type=\"button.default\">\n\t\t\t\t<div class=\"elementor-widget-container\">\n\t\t\t\t\t\t\t\t\t<div class=\"elementor-button-wrapper\">\n\t\t\t\t\t<a class=\"elementor-button elementor-button-link elementor-size-sm\" href=\"https:\/\/staelenhof.ee\/et\/kontakt\/\">\n\t\t\t\t\t\t<span class=\"elementor-button-content-wrapper\">\n\t\t\t\t\t\t<span class=\"elementor-button-icon\">\n\t\t\t\t<i aria-hidden=\"true\" class=\"fal fa-long-arrow-right\"><\/i>\t\t\t<\/span>\n\t\t\t\t\t\t\t\t\t<span class=\"elementor-button-text\">V\u00f5tke \u00fchendust<\/span>\n\t\t\t\t\t<\/span>\n\t\t\t\t\t<\/a>\n\t\t\t\t<\/div>\n\t\t\t\t\t\t\t\t<\/div>\n\t\t\t\t<\/div>\n\t\t\t\t<\/div>\n\t\t\t\t\t<\/div>\n\t\t\t\t<\/div>\n\t\t<div class=\"elementor-element elementor-element-7f36715 e-flex e-con-boxed e-con e-parent\" data-id=\"7f36715\" data-element_type=\"container\" data-e-type=\"container\">\n\t\t\t\t\t<div class=\"e-con-inner\">\n\t\t\t\t<div class=\"elementor-element elementor-element-2ed0264 elementor-widget elementor-widget-text-editor\" data-id=\"2ed0264\" data-element_type=\"widget\" data-e-type=\"widget\" data-widget_type=\"text-editor.default\">\n\t\t\t\t<div class=\"elementor-widget-container\">\n\t\t\t\t\t\t\t\t\t<p>M\u00f5isas saate end maailma eest \u00e4ra peita v\u00f5i uurida \u00fcmbruskonnas pakutavaid lugematul hulgal p\u00f5nevaid vaba aja veetmise v\u00f5imalusi, n\u00e4iteks matkad lummaval Soomaal, ratsutamine, veinide degusteerimine, Tori intrigeeriva ajaloo uurimine ning P\u00e4rnu elava kultuuri ja spordi nautimine.<\/p>\n<p>Staelenhof tagab k\u00fclalistele privaatsuse ja personaalse teeninduse. V\u00f5tke meiega \u00fchendust, et saaksime teile luua eksklusiivse programmi, mis vastab just teie ootustele.<\/p>\n\t\t\t\t\t\t\t\t<\/div>\n\t\t\t\t<\/div>\n\t\t\t\t\t<\/div>\n\t\t\t\t<\/div>\n\t\t\t\t<\/div>\n\t\t","protected":false},"excerpt":{"rendered":"<p>Staelenhof Elamused Staelenhofis on rohkelt v\u00f5imalusi kujundada hetki, mis on sisukad, elegantsed ja t\u00f5eliselt isiklikud\u2014olgu need seotud muusika, kunsti, ajaloo, toidukultuuri v\u00f5i lihtsalt rahuliku olemisega. Iga kohtumine kannab endas v\u00f5\u00f5rustaja n\u00e4gu, peegeldades tema m\u00f5tteviisi ja v\u00e4\u00e4rtusi. Olgu eesm\u00e4rgiks t\u00e4histamine l\u00e4hedaste seltsis v\u00f5i h\u00e4sti l\u00e4bi m\u00f5eldud \u00e4riline kogunemine, Staelenhof kohandub sujuvalt sinu soovide ja vajadustega\u2014vaoshoitult, kuid [&hellip;]<\/p>\n","protected":false},"author":2,"featured_media":0,"parent":0,"menu_order":0,"comment_status":"closed","ping_status":"closed","template":"elementor_header_footer","meta":{"footnotes":""},"class_list":["post-148","page","type-page","status-publish","hentry"],"_links":{"self":[{"href":"https:\/\/staelenhof.ee\/et\/wp-json\/wp\/v2\/pages\/148","targetHints":{"allow":["GET"]}}],"collection":[{"href":"https:\/\/staelenhof.ee\/et\/wp-json\/wp\/v2\/pages"}],"about":[{"href":"https:\/\/staelenhof.ee\/et\/wp-json\/wp\/v2\/types\/page"}],"author":[{"embeddable":true,"href":"https:\/\/staelenhof.ee\/et\/wp-json\/wp\/v2\/users\/2"}],"replies":[{"embeddable":true,"href":"https:\/\/staelenhof.ee\/et\/wp-json\/wp\/v2\/comments?post=148"}],"version-history":[{"count":4,"href":"https:\/\/staelenhof.ee\/et\/wp-json\/wp\/v2\/pages\/148\/revisions"}],"predecessor-version":[{"id":474,"href":"https:\/\/staelenhof.ee\/et\/wp-json\/wp\/v2\/pages\/148\/revisions\/474"}],"wp:attachment":[{"href":"https:\/\/staelenhof.ee\/et\/wp-json\/wp\/v2\/media?parent=148"}],"curies":[{"name":"wp","href":"https:\/\/api.w.org\/{rel}","templated":true}]}}